{"id":1072,"date":"2020-06-23T12:55:56","date_gmt":"2020-06-23T10:55:56","guid":{"rendered":"https:\/\/www.voyageslemare.fr\/?page_id=1072"},"modified":"2022-01-04T11:15:02","modified_gmt":"2022-01-04T10:15:02","slug":"notre-flotte","status":"publish","type":"page","link":"https:\/\/www.voyageslemare.fr\/en\/notre-flotte\/","title":{"rendered":"Our Fleet"},"content":{"rendered":"<h4 class=\"has-text-align-center has-vivid-red-color has-text-color wp-block-heading\">Des solutions flexibles pour r\u00e9pondre \u00e0 tous vos besoins de transport gr\u00e2ce \u00e0 une flotte d&rsquo;autocars moderne et confortable.<\/h4>\n\n\n\n<p>Depuis 1927, nous vous offrons un large choix d&rsquo;autocars adapt\u00e9s \u00e0 vos besoins. Notre flotte d&rsquo;autocars est aujourd&rsquo;hui compos\u00e9e de 15 v\u00e9hicules allant du minibus 9 places \u00e0 l&rsquo;autocar double-\u00e9tage 93 places.<\/p>\n\n\n\n<p>Moderne, \u00e9cologique, confortable et s\u00fbre, notre flotte vous propose diff\u00e9rents types et cat\u00e9gories d&rsquo;autocars de confort diff\u00e9rent pour correspondre au mieux \u00e0 vos besoins en mati\u00e8re de transport de personnes. Du plus petit au plus grand, du plus simple au plus sophistiqu\u00e9, notre parc diversifi\u00e9 r\u00e9pond aux crit\u00e8res de confort, de s\u00e9curit\u00e9 et de fiabilit\u00e9 les plus exigeants. Du car scolaire au car grand tourisme en passant par l&rsquo;autocar double-\u00e9tage ou encore l&rsquo;autocar accessible aux personnes \u00e0 mobilit\u00e9 r\u00e9duite, nous avons forc\u00e9ment l&rsquo;autocar qu&rsquo;il vous faut !<\/p>\n\n\n\n<div style=\"height:40px\" aria-hidden=\"true\" class=\"wp-block-spacer\"><\/div>\n\n\n\n\t\t\t<div class=\"wp-block-uagb-post-grid uagb-post-grid  uagb-post__image-position-top uagb-post__image-enabled uagb-block-72200b95     uagb-post__items uagb-post__columns-3 is-grid uagb-post__columns-tablet-2 uagb-post__columns-mobile-1 uagb-post__equal-height\" data-total=\"1\" style=\"\">\n\n\t\t\t\t\t\t\t\t\t\t\t\t<article class=\"uagb-post__inner-wrap\">\t\t\t\t\t\t\t\t<div class='uagb-post__image'>\n\t\t\t\t\t\t\t\t\t<a href=\"https:\/\/www.voyageslemare.fr\/en\/flotte\/autocar-vanhool-tdx27-90-places\/\" target=\"_self\" rel=\"bookmark noopener noreferrer\" class='uagb-image-ratio-inherit'><img fetchpriority=\"high\" decoding=\"async\" width=\"1024\" height=\"768\" src=\"https:\/\/i0.wp.com\/www.voyageslemare.fr\/wp-content\/uploads\/2020\/06\/thumbnail_IMG_0302.jpg?fit=1024%2C768&amp;ssl=1\" class=\"attachment-large size-large\" alt=\"\" srcset=\"https:\/\/i0.wp.com\/www.voyageslemare.fr\/wp-content\/uploads\/2020\/06\/thumbnail_IMG_0302.jpg?w=1280&amp;ssl=1 1280w, https:\/\/i0.wp.com\/www.voyageslemare.fr\/wp-content\/uploads\/2020\/06\/thumbnail_IMG_0302.jpg?resize=300%2C225&amp;ssl=1 300w, https:\/\/i0.wp.com\/www.voyageslemare.fr\/wp-content\/uploads\/2020\/06\/thumbnail_IMG_0302.jpg?resize=1024%2C768&amp;ssl=1 1024w, https:\/\/i0.wp.com\/www.voyageslemare.fr\/wp-content\/uploads\/2020\/06\/thumbnail_IMG_0302.jpg?resize=768%2C576&amp;ssl=1 768w, https:\/\/i0.wp.com\/www.voyageslemare.fr\/wp-content\/uploads\/2020\/06\/thumbnail_IMG_0302.jpg?resize=16%2C12&amp;ssl=1 16w\" sizes=\"(max-width: 1000px) 100vw, 1000px\" \/>\t\t\t\t\t<\/a>\n\t\t\t\t\t\t\t<\/div>\n\t\t\t\t\t\t<h4 class=\"uagb-post__title uagb-post__text\">\n\t\t\t\t<a href=\"https:\/\/www.voyageslemare.fr\/en\/flotte\/autocar-vanhool-tdx27-90-places\/\" target=\"_self\" rel=\"bookmark noopener noreferrer\">Vanhool TDX27 Astrom\u00e9ga<\/a>\n\t\t\t<\/h4>\n\t\t\t\t\t\t<div class='uagb-post__text uagb-post-grid-byline'>\n\t\t\t\t\t\t\t\t<div class=\"uagb-post__text\">\n\t\t\t\t\t<span class='uagb-post__taxonomy'>\n\t\t\t\t\t\t<span class=\"dashicons-tag dashicons\"><\/span>\t\t\t\t\t\t<a href=\"https:\/\/www.voyageslemare.fr\/en\/tag\/93-places-1-guide\/\">93 seats + 1 guide<\/a>\t\t\t\t\t<\/span>\n\t\t\t\t<\/div>\n\t\t\t\t\t\t\t<\/div>\n\t\t\t\n\t\t\t\t\t\t\t\t\t<\/article>\n\t\t\t\t\t\t\t\t\t\t\t\t\t\t\t\t<article class=\"uagb-post__inner-wrap\">\t\t\t\t\t\t\t\t<div class='uagb-post__image'>\n\t\t\t\t\t\t\t\t\t<a href=\"https:\/\/www.voyageslemare.fr\/en\/flotte\/neoplan-skyliner-2\/\" target=\"_self\" rel=\"bookmark noopener noreferrer\" class='uagb-image-ratio-inherit'><img decoding=\"async\" width=\"1024\" height=\"768\" src=\"https:\/\/i0.wp.com\/www.voyageslemare.fr\/wp-content\/uploads\/2020\/06\/thumbnail_IMG_2435.jpg?fit=1024%2C768&amp;ssl=1\" class=\"attachment-large size-large\" alt=\"\" srcset=\"https:\/\/i0.wp.com\/www.voyageslemare.fr\/wp-content\/uploads\/2020\/06\/thumbnail_IMG_2435.jpg?w=1920&amp;ssl=1 1920w, https:\/\/i0.wp.com\/www.voyageslemare.fr\/wp-content\/uploads\/2020\/06\/thumbnail_IMG_2435.jpg?resize=300%2C225&amp;ssl=1 300w, https:\/\/i0.wp.com\/www.voyageslemare.fr\/wp-content\/uploads\/2020\/06\/thumbnail_IMG_2435.jpg?resize=1024%2C768&amp;ssl=1 1024w, https:\/\/i0.wp.com\/www.voyageslemare.fr\/wp-content\/uploads\/2020\/06\/thumbnail_IMG_2435.jpg?resize=768%2C576&amp;ssl=1 768w, https:\/\/i0.wp.com\/www.voyageslemare.fr\/wp-content\/uploads\/2020\/06\/thumbnail_IMG_2435.jpg?resize=1536%2C1152&amp;ssl=1 1536w, https:\/\/i0.wp.com\/www.voyageslemare.fr\/wp-content\/uploads\/2020\/06\/thumbnail_IMG_2435.jpg?resize=16%2C12&amp;ssl=1 16w\" sizes=\"(max-width: 1000px) 100vw, 1000px\" \/>\t\t\t\t\t<\/a>\n\t\t\t\t\t\t\t<\/div>\n\t\t\t\t\t\t<h4 class=\"uagb-post__title uagb-post__text\">\n\t\t\t\t<a href=\"https:\/\/www.voyageslemare.fr\/en\/flotte\/neoplan-skyliner-2\/\" target=\"_self\" rel=\"bookmark noopener noreferrer\">Neoplan Skyliner<\/a>\n\t\t\t<\/h4>\n\t\t\t\t\t\t<div class='uagb-post__text uagb-post-grid-byline'>\n\t\t\t\t\t\t\t\t<div class=\"uagb-post__text\">\n\t\t\t\t\t<span class='uagb-post__taxonomy'>\n\t\t\t\t\t\t<span class=\"dashicons-tag dashicons\"><\/span>\t\t\t\t\t\t<a href=\"https:\/\/www.voyageslemare.fr\/en\/tag\/89-places-1-guide\/\">89 places + 1 guide<\/a>\t\t\t\t\t<\/span>\n\t\t\t\t<\/div>\n\t\t\t\t\t\t\t<\/div>\n\t\t\t\n\t\t\t\t\t\t\t\t\t<\/article>\n\t\t\t\t\t\t\t\t\t\t\t\t\t\t\t\t<article class=\"uagb-post__inner-wrap\">\t\t\t\t\t\t\t\t<div class='uagb-post__image'>\n\t\t\t\t\t\t\t\t\t<a href=\"https:\/\/www.voyageslemare.fr\/en\/flotte\/neoplan-skyliner\/\" target=\"_self\" rel=\"bookmark noopener noreferrer\" class='uagb-image-ratio-inherit'><img decoding=\"async\" width=\"1024\" height=\"768\" src=\"https:\/\/i0.wp.com\/www.voyageslemare.fr\/wp-content\/uploads\/2023\/09\/thumbnail_IMG_6239.jpg?fit=1024%2C768&amp;ssl=1\" class=\"attachment-large size-large\" alt=\"\" srcset=\"https:\/\/i0.wp.com\/www.voyageslemare.fr\/wp-content\/uploads\/2023\/09\/thumbnail_IMG_6239.jpg?w=1920&amp;ssl=1 1920w, https:\/\/i0.wp.com\/www.voyageslemare.fr\/wp-content\/uploads\/2023\/09\/thumbnail_IMG_6239.jpg?resize=300%2C225&amp;ssl=1 300w, https:\/\/i0.wp.com\/www.voyageslemare.fr\/wp-content\/uploads\/2023\/09\/thumbnail_IMG_6239.jpg?resize=1024%2C768&amp;ssl=1 1024w, https:\/\/i0.wp.com\/www.voyageslemare.fr\/wp-content\/uploads\/2023\/09\/thumbnail_IMG_6239.jpg?resize=768%2C576&amp;ssl=1 768w, https:\/\/i0.wp.com\/www.voyageslemare.fr\/wp-content\/uploads\/2023\/09\/thumbnail_IMG_6239.jpg?resize=1536%2C1152&amp;ssl=1 1536w, https:\/\/i0.wp.com\/www.voyageslemare.fr\/wp-content\/uploads\/2023\/09\/thumbnail_IMG_6239.jpg?resize=16%2C12&amp;ssl=1 16w\" sizes=\"(max-width: 1000px) 100vw, 1000px\" \/>\t\t\t\t\t<\/a>\n\t\t\t\t\t\t\t<\/div>\n\t\t\t\t\t\t<h4 class=\"uagb-post__title uagb-post__text\">\n\t\t\t\t<a href=\"https:\/\/www.voyageslemare.fr\/en\/flotte\/neoplan-skyliner\/\" target=\"_self\" rel=\"bookmark noopener noreferrer\">Neoplan Skyliner<\/a>\n\t\t\t<\/h4>\n\t\t\t\t\t\t<div class='uagb-post__text uagb-post-grid-byline'>\n\t\t\t\t\t\t\t\t<div class=\"uagb-post__text\">\n\t\t\t\t\t<span class='uagb-post__taxonomy'>\n\t\t\t\t\t\t<span class=\"dashicons-tag dashicons\"><\/span>\t\t\t\t\t\t<a href=\"https:\/\/www.voyageslemare.fr\/en\/tag\/76-places-1-guide\/\">76 places + 1 guide<\/a>\t\t\t\t\t<\/span>\n\t\t\t\t<\/div>\n\t\t\t\t\t\t\t<\/div>\n\t\t\t\n\t\t\t\t\t\t\t\t\t<\/article>\n\t\t\t\t\t\t\t\t\t\t\t\t\t\t\t\t<article class=\"uagb-post__inner-wrap\">\t\t\t\t\t\t\t\t<div class='uagb-post__image'>\n\t\t\t\t\t\t\t\t\t<a href=\"https:\/\/www.voyageslemare.fr\/en\/flotte\/vanhool-ex16m-63-places\/\" target=\"_self\" rel=\"bookmark noopener noreferrer\" class='uagb-image-ratio-inherit'><img loading=\"lazy\" decoding=\"async\" width=\"1024\" height=\"768\" src=\"https:\/\/i0.wp.com\/www.voyageslemare.fr\/wp-content\/uploads\/2020\/06\/thumbnail_IMG_7740.jpg?fit=1024%2C768&amp;ssl=1\" class=\"attachment-large size-large\" alt=\"\" srcset=\"https:\/\/i0.wp.com\/www.voyageslemare.fr\/wp-content\/uploads\/2020\/06\/thumbnail_IMG_7740.jpg?w=1920&amp;ssl=1 1920w, https:\/\/i0.wp.com\/www.voyageslemare.fr\/wp-content\/uploads\/2020\/06\/thumbnail_IMG_7740.jpg?resize=300%2C225&amp;ssl=1 300w, https:\/\/i0.wp.com\/www.voyageslemare.fr\/wp-content\/uploads\/2020\/06\/thumbnail_IMG_7740.jpg?resize=1024%2C768&amp;ssl=1 1024w, https:\/\/i0.wp.com\/www.voyageslemare.fr\/wp-content\/uploads\/2020\/06\/thumbnail_IMG_7740.jpg?resize=768%2C576&amp;ssl=1 768w, https:\/\/i0.wp.com\/www.voyageslemare.fr\/wp-content\/uploads\/2020\/06\/thumbnail_IMG_7740.jpg?resize=1536%2C1152&amp;ssl=1 1536w, https:\/\/i0.wp.com\/www.voyageslemare.fr\/wp-content\/uploads\/2020\/06\/thumbnail_IMG_7740.jpg?resize=16%2C12&amp;ssl=1 16w\" sizes=\"(max-width: 1000px) 100vw, 1000px\" \/>\t\t\t\t\t<\/a>\n\t\t\t\t\t\t\t<\/div>\n\t\t\t\t\t\t<h4 class=\"uagb-post__title uagb-post__text\">\n\t\t\t\t<a href=\"https:\/\/www.voyageslemare.fr\/en\/flotte\/vanhool-ex16m-63-places\/\" target=\"_self\" rel=\"bookmark noopener noreferrer\">Vanhool TDX20 Altano<\/a>\n\t\t\t<\/h4>\n\t\t\t\t\t\t<div class='uagb-post__text uagb-post-grid-byline'>\n\t\t\t\t\t\t\t\t<div class=\"uagb-post__text\">\n\t\t\t\t\t<span class='uagb-post__taxonomy'>\n\t\t\t\t\t\t<span class=\"dashicons-tag dashicons\"><\/span>\t\t\t\t\t\t<a href=\"https:\/\/www.voyageslemare.fr\/en\/tag\/67-places-1-guide\/\">67 places + 1 guide<\/a>\t\t\t\t\t<\/span>\n\t\t\t\t<\/div>\n\t\t\t\t\t\t\t<\/div>\n\t\t\t\n\t\t\t\t\t\t\t\t\t<\/article>\n\t\t\t\t\t\t\t\t\t\t\t\t\t\t\t\t<article class=\"uagb-post__inner-wrap\">\t\t\t\t\t\t\t\t<div class='uagb-post__image'>\n\t\t\t\t\t\t\t\t\t<a href=\"https:\/\/www.voyageslemare.fr\/en\/flotte\/van-hool-t17-55-places\/\" target=\"_self\" rel=\"bookmark noopener noreferrer\" class='uagb-image-ratio-inherit'><img loading=\"lazy\" decoding=\"async\" width=\"1024\" height=\"768\" src=\"https:\/\/i0.wp.com\/www.voyageslemare.fr\/wp-content\/uploads\/2020\/06\/thumbnail_IMG_3594.jpg?fit=1024%2C768&amp;ssl=1\" class=\"attachment-large size-large\" alt=\"\" srcset=\"https:\/\/i0.wp.com\/www.voyageslemare.fr\/wp-content\/uploads\/2020\/06\/thumbnail_IMG_3594.jpg?w=1920&amp;ssl=1 1920w, https:\/\/i0.wp.com\/www.voyageslemare.fr\/wp-content\/uploads\/2020\/06\/thumbnail_IMG_3594.jpg?resize=300%2C225&amp;ssl=1 300w, https:\/\/i0.wp.com\/www.voyageslemare.fr\/wp-content\/uploads\/2020\/06\/thumbnail_IMG_3594.jpg?resize=1024%2C768&amp;ssl=1 1024w, https:\/\/i0.wp.com\/www.voyageslemare.fr\/wp-content\/uploads\/2020\/06\/thumbnail_IMG_3594.jpg?resize=768%2C576&amp;ssl=1 768w, https:\/\/i0.wp.com\/www.voyageslemare.fr\/wp-content\/uploads\/2020\/06\/thumbnail_IMG_3594.jpg?resize=1536%2C1152&amp;ssl=1 1536w, https:\/\/i0.wp.com\/www.voyageslemare.fr\/wp-content\/uploads\/2020\/06\/thumbnail_IMG_3594.jpg?resize=16%2C12&amp;ssl=1 16w\" sizes=\"(max-width: 1000px) 100vw, 1000px\" \/>\t\t\t\t\t<\/a>\n\t\t\t\t\t\t\t<\/div>\n\t\t\t\t\t\t<h4 class=\"uagb-post__title uagb-post__text\">\n\t\t\t\t<a href=\"https:\/\/www.voyageslemare.fr\/en\/flotte\/van-hool-t17-55-places\/\" target=\"_self\" rel=\"bookmark noopener noreferrer\">Vanhool T17 Acron ****<\/a>\n\t\t\t<\/h4>\n\t\t\t\t\t\t<div class='uagb-post__text uagb-post-grid-byline'>\n\t\t\t\t\t\t\t\t<div class=\"uagb-post__text\">\n\t\t\t\t\t<span class='uagb-post__taxonomy'>\n\t\t\t\t\t\t<span class=\"dashicons-tag dashicons\"><\/span>\t\t\t\t\t\t<a href=\"https:\/\/www.voyageslemare.fr\/en\/tag\/55-places-1-conducteur\/\">55 places + 1 conducteur<\/a>\t\t\t\t\t<\/span>\n\t\t\t\t<\/div>\n\t\t\t\t\t\t\t<\/div>\n\t\t\t\n\t\t\t\t\t\t\t\t\t<\/article>\n\t\t\t\t\t\t\t\t\t\t\t\t\t\t\t\t<article class=\"uagb-post__inner-wrap\">\t\t\t\t\t\t\t\t<div class='uagb-post__image'>\n\t\t\t\t\t\t\t\t\t<a href=\"https:\/\/www.voyageslemare.fr\/en\/flotte\/autocar-vanhool-tx-17-acron-53-places-classe-ambassadeur\/\" target=\"_self\" rel=\"bookmark noopener noreferrer\" class='uagb-image-ratio-inherit'><img loading=\"lazy\" decoding=\"async\" width=\"1024\" height=\"768\" src=\"https:\/\/i0.wp.com\/www.voyageslemare.fr\/wp-content\/uploads\/2020\/06\/thumbnail_IMG_5327.jpg?fit=1024%2C768&amp;ssl=1\" class=\"attachment-large size-large\" alt=\"VANHOOL TX17 ACRON ****\" srcset=\"https:\/\/i0.wp.com\/www.voyageslemare.fr\/wp-content\/uploads\/2020\/06\/thumbnail_IMG_5327.jpg?w=1280&amp;ssl=1 1280w, https:\/\/i0.wp.com\/www.voyageslemare.fr\/wp-content\/uploads\/2020\/06\/thumbnail_IMG_5327.jpg?resize=300%2C225&amp;ssl=1 300w, https:\/\/i0.wp.com\/www.voyageslemare.fr\/wp-content\/uploads\/2020\/06\/thumbnail_IMG_5327.jpg?resize=1024%2C768&amp;ssl=1 1024w, https:\/\/i0.wp.com\/www.voyageslemare.fr\/wp-content\/uploads\/2020\/06\/thumbnail_IMG_5327.jpg?resize=768%2C576&amp;ssl=1 768w, https:\/\/i0.wp.com\/www.voyageslemare.fr\/wp-content\/uploads\/2020\/06\/thumbnail_IMG_5327.jpg?resize=16%2C12&amp;ssl=1 16w\" sizes=\"(max-width: 1000px) 100vw, 1000px\" \/>\t\t\t\t\t<\/a>\n\t\t\t\t\t\t\t<\/div>\n\t\t\t\t\t\t<h4 class=\"uagb-post__title uagb-post__text\">\n\t\t\t\t<a href=\"https:\/\/www.voyageslemare.fr\/en\/flotte\/autocar-vanhool-tx-17-acron-53-places-classe-ambassadeur\/\" target=\"_self\" rel=\"bookmark noopener noreferrer\">Vanhool TX17 Acron ****<\/a>\n\t\t\t<\/h4>\n\t\t\t\t\t\t<div class='uagb-post__text uagb-post-grid-byline'>\n\t\t\t\t\t\t\t\t<div class=\"uagb-post__text\">\n\t\t\t\t\t<span class='uagb-post__taxonomy'>\n\t\t\t\t\t\t<span class=\"dashicons-tag dashicons\"><\/span>\t\t\t\t\t\t<a href=\"https:\/\/www.voyageslemare.fr\/en\/tag\/53-places-1-guide\/\">53 seats + 1 guide<\/a>\t\t\t\t\t<\/span>\n\t\t\t\t<\/div>\n\t\t\t\t\t\t\t<\/div>\n\t\t\t\n\t\t\t\t\t\t\t\t\t<\/article>\n\t\t\t\t\t\t\t\t\t\t\t\t\t\t\t\t<article class=\"uagb-post__inner-wrap\">\t\t\t\t\t\t\t\t<div class='uagb-post__image'>\n\t\t\t\t\t\t\t\t\t<a href=\"https:\/\/www.voyageslemare.fr\/en\/flotte\/vanhool-tx16-alicron\/\" target=\"_self\" rel=\"bookmark noopener noreferrer\" class='uagb-image-ratio-inherit'><img loading=\"lazy\" decoding=\"async\" width=\"1024\" height=\"768\" src=\"https:\/\/i0.wp.com\/www.voyageslemare.fr\/wp-content\/uploads\/2020\/06\/thumbnail_IMG_4856.jpg?fit=1024%2C768&amp;ssl=1\" class=\"attachment-large size-large\" alt=\"\" srcset=\"https:\/\/i0.wp.com\/www.voyageslemare.fr\/wp-content\/uploads\/2020\/06\/thumbnail_IMG_4856.jpg?w=1920&amp;ssl=1 1920w, https:\/\/i0.wp.com\/www.voyageslemare.fr\/wp-content\/uploads\/2020\/06\/thumbnail_IMG_4856.jpg?resize=300%2C225&amp;ssl=1 300w, https:\/\/i0.wp.com\/www.voyageslemare.fr\/wp-content\/uploads\/2020\/06\/thumbnail_IMG_4856.jpg?resize=1024%2C768&amp;ssl=1 1024w, https:\/\/i0.wp.com\/www.voyageslemare.fr\/wp-content\/uploads\/2020\/06\/thumbnail_IMG_4856.jpg?resize=768%2C576&amp;ssl=1 768w, https:\/\/i0.wp.com\/www.voyageslemare.fr\/wp-content\/uploads\/2020\/06\/thumbnail_IMG_4856.jpg?resize=1536%2C1152&amp;ssl=1 1536w, https:\/\/i0.wp.com\/www.voyageslemare.fr\/wp-content\/uploads\/2020\/06\/thumbnail_IMG_4856.jpg?resize=16%2C12&amp;ssl=1 16w\" sizes=\"(max-width: 1000px) 100vw, 1000px\" \/>\t\t\t\t\t<\/a>\n\t\t\t\t\t\t\t<\/div>\n\t\t\t\t\t\t<h4 class=\"uagb-post__title uagb-post__text\">\n\t\t\t\t<a href=\"https:\/\/www.voyageslemare.fr\/en\/flotte\/vanhool-tx16-alicron\/\" target=\"_self\" rel=\"bookmark noopener noreferrer\">Vanhool TX16 Astronef ****<\/a>\n\t\t\t<\/h4>\n\t\t\t\t\t\t<div class='uagb-post__text uagb-post-grid-byline'>\n\t\t\t\t\t\t\t\t<div class=\"uagb-post__text\">\n\t\t\t\t\t<span class='uagb-post__taxonomy'>\n\t\t\t\t\t\t<span class=\"dashicons-tag dashicons\"><\/span>\t\t\t\t\t\t<a href=\"https:\/\/www.voyageslemare.fr\/en\/tag\/55-places-1-guide\/\">55 seats + 1 guide<\/a>\t\t\t\t\t<\/span>\n\t\t\t\t<\/div>\n\t\t\t\t\t\t\t<\/div>\n\t\t\t\n\t\t\t\t\t\t\t\t\t<\/article>\n\t\t\t\t\t\t\t\t\t\t\t\t\t\t\t\t<article class=\"uagb-post__inner-wrap\">\t\t\t\t\t\t\t\t<div class='uagb-post__image'>\n\t\t\t\t\t\t\t\t\t<a href=\"https:\/\/www.voyageslemare.fr\/en\/flotte\/vanhool-314-de-1964\/\" target=\"_self\" rel=\"bookmark noopener noreferrer\" class='uagb-image-ratio-inherit'><img loading=\"lazy\" decoding=\"async\" width=\"1024\" height=\"768\" src=\"https:\/\/i0.wp.com\/www.voyageslemare.fr\/wp-content\/uploads\/2020\/06\/314-3-1-scaled.jpg?fit=1024%2C768&amp;ssl=1\" class=\"attachment-large size-large\" alt=\"Vanhool-Fiat 314 de 1965\" srcset=\"https:\/\/i0.wp.com\/www.voyageslemare.fr\/wp-content\/uploads\/2020\/06\/314-3-1-scaled.jpg?w=2560&amp;ssl=1 2560w, https:\/\/i0.wp.com\/www.voyageslemare.fr\/wp-content\/uploads\/2020\/06\/314-3-1-scaled.jpg?resize=300%2C225&amp;ssl=1 300w, https:\/\/i0.wp.com\/www.voyageslemare.fr\/wp-content\/uploads\/2020\/06\/314-3-1-scaled.jpg?resize=1024%2C768&amp;ssl=1 1024w, https:\/\/i0.wp.com\/www.voyageslemare.fr\/wp-content\/uploads\/2020\/06\/314-3-1-scaled.jpg?resize=768%2C576&amp;ssl=1 768w, https:\/\/i0.wp.com\/www.voyageslemare.fr\/wp-content\/uploads\/2020\/06\/314-3-1-scaled.jpg?resize=1536%2C1152&amp;ssl=1 1536w, https:\/\/i0.wp.com\/www.voyageslemare.fr\/wp-content\/uploads\/2020\/06\/314-3-1-scaled.jpg?resize=2048%2C1536&amp;ssl=1 2048w\" sizes=\"(max-width: 1000px) 100vw, 1000px\" \/>\t\t\t\t\t<\/a>\n\t\t\t\t\t\t\t<\/div>\n\t\t\t\t\t\t<h4 class=\"uagb-post__title uagb-post__text\">\n\t\t\t\t<a href=\"https:\/\/www.voyageslemare.fr\/en\/flotte\/vanhool-314-de-1964\/\" target=\"_self\" rel=\"bookmark noopener noreferrer\">Vanhool-Fiat 314 de 1964<\/a>\n\t\t\t<\/h4>\n\t\t\t\t\t\t<div class='uagb-post__text uagb-post-grid-byline'>\n\t\t\t\t\t\t\t\t<div class=\"uagb-post__text\">\n\t\t\t\t\t<span class='uagb-post__taxonomy'>\n\t\t\t\t\t\t<span class=\"dashicons-tag dashicons\"><\/span>\t\t\t\t\t\t<a href=\"https:\/\/www.voyageslemare.fr\/en\/tag\/35-places-1-guide\/\">35 seats + 1 guide<\/a>\t\t\t\t\t<\/span>\n\t\t\t\t<\/div>\n\t\t\t\t\t\t\t<\/div>\n\t\t\t\n\t\t\t\t\t\t\t\t\t<\/article>\n\t\t\t\t\t\t\t\t\t\t\t<\/div>","protected":false},"excerpt":{"rendered":"<p>Des solutions flexibles pour r\u00e9pondre \u00e0 tous vos besoins de transport gr\u00e2ce \u00e0 une flotte d&rsquo;autocars moderne et confortable. Depuis 1927, nous vous offrons un large choix d&rsquo;autocars adapt\u00e9s \u00e0 vos besoins. Notre flotte d&rsquo;autocars est aujourd&rsquo;hui compos\u00e9e de 15 v\u00e9hicules allant du minibus 9 places \u00e0 l&rsquo;autocar double-\u00e9tage 93 places. Moderne, \u00e9cologique, confortable et [&hellip;]<\/p>\n","protected":false},"author":1,"featured_media":1484,"parent":0,"menu_order":0,"comment_status":"closed","ping_status":"closed","template":"elementor_theme","meta":{"_acf_changed":false,"_uag_custom_page_level_css":"","site-sidebar-layout":"default","site-content-layout":"plain-container","ast-site-content-layout":"default","site-content-style":"default","site-sidebar-style":"default","ast-global-header-display":"","ast-banner-title-visibility":"","ast-main-header-display":"","ast-hfb-above-header-display":"","ast-hfb-below-header-display":"","ast-hfb-mobile-header-display":"","site-post-title":"disabled","ast-breadcrumbs-content":"","ast-featured-img":"","footer-sml-layout":"","ast-disable-related-posts":"","theme-transparent-header-meta":"disabled","adv-header-id-meta":null,"stick-header-meta":null,"header-above-stick-meta":null,"header-main-stick-meta":null,"header-below-stick-meta":null,"astra-migrate-meta-layouts":"default","ast-page-background-enabled":"default","ast-page-background-meta":{"desktop":{"background-color":"","background-image":"","background-repeat":"repeat","background-position":"center center","background-size":"auto","background-attachment":"scroll","background-type":"","background-media":"","overlay-type":"","overlay-color":"","overlay-opacity":"","overlay-gradient":""},"tablet":{"background-color":"","background-image":"","background-repeat":"repeat","background-position":"center center","background-size":"auto","background-attachment":"scroll","background-type":"","background-media":"","overlay-type":"","overlay-color":"","overlay-opacity":"","overlay-gradient":""},"mobile":{"background-color":"","background-image":"","background-repeat":"repeat","background-position":"center center","background-size":"auto","background-attachment":"scroll","background-type":"","background-media":"","overlay-type":"","overlay-color":"","overlay-opacity":"","overlay-gradient":""}},"ast-content-background-meta":{"desktop":{"background-color":"var(--ast-global-color-5)","background-image":"","background-repeat":"repeat","background-position":"center center","background-size":"auto","background-attachment":"scroll","background-type":"","background-media":"","overlay-type":"","overlay-color":"","overlay-opacity":"","overlay-gradient":""},"tablet":{"background-color":"var(--ast-global-color-5)","background-image":"","background-repeat":"repeat","background-position":"center center","background-size":"auto","background-attachment":"scroll","background-type":"","background-media":"","overlay-type":"","overlay-color":"","overlay-opacity":"","overlay-gradient":""},"mobile":{"background-color":"var(--ast-global-color-5)","background-image":"","background-repeat":"repeat","background-position":"center center","background-size":"auto","background-attachment":"scroll","background-type":"","background-media":"","overlay-type":"","overlay-color":"","overlay-opacity":"","overlay-gradient":""}},"footnotes":""},"class_list":["post-1072","page","type-page","status-publish","has-post-thumbnail","hentry"],"acf":[],"uagb_featured_image_src":{"full":["https:\/\/i0.wp.com\/www.voyageslemare.fr\/wp-content\/uploads\/2021\/06\/thumbnail_IMG_4911-e1641291295346.jpg?fit=1280%2C480&ssl=1",1280,480,false],"thumbnail":["https:\/\/i0.wp.com\/www.voyageslemare.fr\/wp-content\/uploads\/2021\/06\/thumbnail_IMG_4911-e1641291295346.jpg?resize=150%2C150&ssl=1",150,150,true],"medium":["https:\/\/i0.wp.com\/www.voyageslemare.fr\/wp-content\/uploads\/2021\/06\/thumbnail_IMG_4911-e1641291295346.jpg?fit=300%2C113&ssl=1",300,113,true],"medium_large":["https:\/\/i0.wp.com\/www.voyageslemare.fr\/wp-content\/uploads\/2021\/06\/thumbnail_IMG_4911-e1641291295346.jpg?fit=768%2C288&ssl=1",768,288,true],"large":["https:\/\/i0.wp.com\/www.voyageslemare.fr\/wp-content\/uploads\/2021\/06\/thumbnail_IMG_4911-e1641291295346.jpg?fit=1024%2C384&ssl=1",1024,384,true],"1536x1536":["https:\/\/i0.wp.com\/www.voyageslemare.fr\/wp-content\/uploads\/2021\/06\/thumbnail_IMG_4911-e1641291295346.jpg?fit=1280%2C480&ssl=1",1280,480,true],"2048x2048":["https:\/\/i0.wp.com\/www.voyageslemare.fr\/wp-content\/uploads\/2021\/06\/thumbnail_IMG_4911-e1641291295346.jpg?fit=1280%2C480&ssl=1",1280,480,true],"trp-custom-language-flag":["https:\/\/i0.wp.com\/www.voyageslemare.fr\/wp-content\/uploads\/2021\/06\/thumbnail_IMG_4911-e1641291295346.jpg?fit=18%2C7&ssl=1",18,7,true]},"uagb_author_info":{"display_name":"admin","author_link":"https:\/\/www.voyageslemare.fr\/en\/author\/admin\/"},"uagb_comment_info":0,"uagb_excerpt":"Des solutions flexibles pour r\u00e9pondre \u00e0 tous vos besoins de transport gr\u00e2ce \u00e0 une flotte d&rsquo;autocars moderne et confortable. Depuis 1927, nous vous offrons un large choix d&rsquo;autocars adapt\u00e9s \u00e0 vos besoins. Notre flotte d&rsquo;autocars est aujourd&rsquo;hui compos\u00e9e de 15 v\u00e9hicules allant du minibus 9 places \u00e0 l&rsquo;autocar double-\u00e9tage 93 places. Moderne, \u00e9cologique, confortable et&hellip;","jetpack_sharing_enabled":true,"_links":{"self":[{"href":"https:\/\/www.voyageslemare.fr\/en\/wp-json\/wp\/v2\/pages\/1072","targetHints":{"allow":["GET"]}}],"collection":[{"href":"https:\/\/www.voyageslemare.fr\/en\/wp-json\/wp\/v2\/pages"}],"about":[{"href":"https:\/\/www.voyageslemare.fr\/en\/wp-json\/wp\/v2\/types\/page"}],"author":[{"embeddable":true,"href":"https:\/\/www.voyageslemare.fr\/en\/wp-json\/wp\/v2\/users\/1"}],"replies":[{"embeddable":true,"href":"https:\/\/www.voyageslemare.fr\/en\/wp-json\/wp\/v2\/comments?post=1072"}],"version-history":[{"count":0,"href":"https:\/\/www.voyageslemare.fr\/en\/wp-json\/wp\/v2\/pages\/1072\/revisions"}],"wp:featuredmedia":[{"embeddable":true,"href":"https:\/\/www.voyageslemare.fr\/en\/wp-json\/wp\/v2\/media\/1484"}],"wp:attachment":[{"href":"https:\/\/www.voyageslemare.fr\/en\/wp-json\/wp\/v2\/media?parent=1072"}],"curies":[{"name":"wp","href":"https:\/\/api.w.org\/{rel}","templated":true}]}}