{"id":11,"date":"2018-11-27T09:16:54","date_gmt":"2018-11-27T08:16:54","guid":{"rendered":"https:\/\/websitedemos.net\/discover-outdoors\/?page_id=4"},"modified":"2023-09-08T10:46:43","modified_gmt":"2023-09-08T08:46:43","slug":"accueil","status":"publish","type":"page","link":"https:\/\/www.voyageslemare.fr\/en\/","title":{"rendered":"Home"},"content":{"rendered":"<div data-elementor-type=\"wp-page\" data-elementor-id=\"11\" class=\"elementor elementor-11\" data-elementor-post-type=\"page\">\n\t\t\t\t\t\t<section class=\"elementor-section elementor-top-section elementor-element elementor-element-4b903c6 elementor-section-full_width elementor-section-height-default elementor-section-height-default\" data-id=\"4b903c6\" data-element_type=\"section\" data-e-type=\"section\">\n\t\t\t\t\t\t<div class=\"elementor-container elementor-column-gap-default\">\n\t\t\t\t\t<div class=\"elementor-column elementor-col-100 elementor-top-column elementor-element elementor-element-f0452a4\" data-id=\"f0452a4\" data-element_type=\"column\" data-e-type=\"column\">\n\t\t\t<div class=\"elementor-widget-wrap elementor-element-populated\">\n\t\t\t\t\t\t<div class=\"elementor-element elementor-element-5940b1c elementor--h-position-center elementor--v-position-middle elementor-arrows-position-inside elementor-pagination-position-inside elementor-widget elementor-widget-slides\" data-id=\"5940b1c\" data-element_type=\"widget\" data-e-type=\"widget\" data-settings=\"{&quot;transition&quot;:&quot;fade&quot;,&quot;navigation&quot;:&quot;both&quot;,&quot;autoplay&quot;:&quot;yes&quot;,&quot;pause_on_hover&quot;:&quot;yes&quot;,&quot;pause_on_interaction&quot;:&quot;yes&quot;,&quot;autoplay_speed&quot;:5000,&quot;infinite&quot;:&quot;yes&quot;,&quot;transition_speed&quot;:500}\" data-widget_type=\"slides.default\">\n\t\t\t\t<div class=\"elementor-widget-container\">\n\t\t\t\t\t\t\t\t\t<div class=\"elementor-swiper\">\n\t\t\t\t\t<div class=\"elementor-slides-wrapper elementor-main-swiper swiper\" role=\"region\" aria-roledescription=\"carousel\" aria-label=\"Slides\" dir=\"ltr\" data-animation=\"fadeInUp\">\n\t\t\t\t<div class=\"swiper-wrapper elementor-slides\">\n\t\t\t\t\t\t\t\t\t\t<div class=\"elementor-repeater-item-f1f1b8b swiper-slide\" role=\"group\" aria-roledescription=\"slide\"><div class=\"swiper-slide-bg\" role=\"img\" aria-label=\"bus lemare\"><\/div><div class=\"elementor-background-overlay\"><\/div><a class=\"swiper-slide-inner\" href=\"https:\/\/www.voyageslemare.fr\/en\/notre-flotte\/\"><div class=\"swiper-slide-contents\"><div class=\"elementor-slide-heading\">D\u00e9couvrez notre flotte d'autocars<\/div><div class=\"elementor-slide-description\">Depuis 1927, nous vous offrons un large choix d\u2019autocars adapt\u00e9s \u00e0 vos besoins. Notre flotte d\u2019autocars est aujourd\u2019hui compos\u00e9e de 15 v\u00e9hicules allant du minibus 9 places \u00e0 l\u2019autocar double-\u00e9tage 93 places.<\/div><div  class=\"elementor-button elementor-slide-button elementor-size-sm\">Find out more<\/div><\/div><\/a><\/div><div class=\"elementor-repeater-item-c31f997 swiper-slide\" role=\"group\" aria-roledescription=\"slide\"><div class=\"swiper-slide-bg\" role=\"img\" aria-label=\"Van-Hool-Caps-retravaille\u0301\"><\/div><div class=\"elementor-background-overlay\"><\/div><a class=\"swiper-slide-inner\" href=\"https:\/\/www.voyageslemare.fr\/en\/actions-qualitatives\/#caps\"><div class=\"swiper-slide-contents\"><div class=\"elementor-slide-heading\">Syst\u00e8me de purification d'air CAPS<\/div><div class=\"elementor-slide-description\">Pour voyager en toute s\u00e9curit\u00e9, nous avons \u00e9quip\u00e9 deux de nos autocars ont  d\u2019un syst\u00e8me de purification d\u2019air virucide \u2026 SANS DIFFUSION DE PRODUITS NOCIFS<\/div><div  class=\"elementor-button elementor-slide-button elementor-size-sm\">Find out more<\/div><\/div><\/a><\/div><div class=\"elementor-repeater-item-26010e5 swiper-slide\" role=\"group\" aria-roledescription=\"slide\"><div class=\"swiper-slide-bg\" role=\"img\" aria-label=\"Derniere_minute\"><\/div><div class=\"elementor-background-overlay\"><\/div><a class=\"swiper-slide-inner\" href=\"https:\/\/www.voyageslemare.fr\/en\/nos-offres\/\"><div class=\"swiper-slide-contents\"><div class=\"elementor-slide-heading\">Nos offres de derni\u00e8re minute<\/div><div class=\"elementor-slide-description\">Envie de partir en voyage pour quelques jours ou quelques semaines ? D\u00e9couvrez nos offres et r\u00e9servez une excursion en individuel ou en groupe.<\/div><div  class=\"elementor-button elementor-slide-button elementor-size-sm\">D\u00e9couvrez nos offres<\/div><\/div><\/a><\/div>\t\t\t\t<\/div>\n\t\t\t\t\t\t\t\t\t\t\t\t\t\t\t<div class=\"elementor-swiper-button elementor-swiper-button-prev\" role=\"button\" tabindex=\"0\" aria-label=\"Previous slide\" data-no-translation-aria-label=\"\">\n\t\t\t\t\t\t\t<i aria-hidden=\"true\" class=\"eicon-chevron-left\"><\/i>\t\t\t\t\t\t<\/div>\n\t\t\t\t\t\t<div class=\"elementor-swiper-button elementor-swiper-button-next\" role=\"button\" tabindex=\"0\" aria-label=\"Next slide\" data-no-translation-aria-label=\"\">\n\t\t\t\t\t\t\t<i aria-hidden=\"true\" class=\"eicon-chevron-right\"><\/i>\t\t\t\t\t\t<\/div>\n\t\t\t\t\t\t\t\t\t\t\t\t\t\t\t\t<div class=\"swiper-pagination\"><\/div>\n\t\t\t\t\t\t\t\t\t\t\t\t<\/div>\n\t\t\t\t<\/div>\n\t\t\t\t\t\t\t\t<\/div>\n\t\t\t\t<\/div>\n\t\t\t\t\t<\/div>\n\t\t<\/div>\n\t\t\t\t\t<\/div>\n\t\t<\/section>\n\t\t\t\t<\/div>","protected":false},"excerpt":{"rendered":"<p>D\u00e9couvrez notre flotte d&rsquo;autocarsDepuis 1927, nous vous offrons un large choix d\u2019autocars adapt\u00e9s \u00e0 vos besoins. Notre flotte d\u2019autocars est aujourd\u2019hui compos\u00e9e de 15 v\u00e9hicules allant du minibus 9 places \u00e0 l\u2019autocar double-\u00e9tage 93 places.En savoir plusSyst\u00e8me de purification d&rsquo;air CAPSPour voyager en toute s\u00e9curit\u00e9, nous avons \u00e9quip\u00e9 deux de nos autocars ont d\u2019un syst\u00e8me [&hellip;]<\/p>\n","protected":false},"author":1,"featured_media":0,"parent":0,"menu_order":0,"comment_status":"closed","ping_status":"closed","template":"","meta":{"_acf_changed":false,"_uag_custom_page_level_css":"","site-sidebar-layout":"no-sidebar","site-content-layout":"page-builder","ast-site-content-layout":"full-width-container","site-content-style":"unboxed","site-sidebar-style":"unboxed","ast-global-header-display":"","ast-banner-title-visibility":"","ast-main-header-display":"","ast-hfb-above-header-display":"","ast-hfb-below-header-display":"","ast-hfb-mobile-header-display":"","site-post-title":"disabled","ast-breadcrumbs-content":"","ast-featured-img":"disabled","footer-sml-layout":"","ast-disable-related-posts":"","theme-transparent-header-meta":"enabled","adv-header-id-meta":"","stick-header-meta":"","header-above-stick-meta":"","header-main-stick-meta":"","header-below-stick-meta":"","astra-migrate-meta-layouts":"set","ast-page-background-enabled":"default","ast-page-background-meta":{"desktop":{"background-color":"","background-image":"","background-repeat":"repeat","background-position":"center center","background-size":"auto","background-attachment":"scroll","background-type":"","background-media":"","overlay-type":"","overlay-color":"","overlay-opacity":"","overlay-gradient":""},"tablet":{"background-color":"","background-image":"","background-repeat":"repeat","background-position":"center center","background-size":"auto","background-attachment":"scroll","background-type":"","background-media":"","overlay-type":"","overlay-color":"","overlay-opacity":"","overlay-gradient":""},"mobile":{"background-color":"","background-image":"","background-repeat":"repeat","background-position":"center center","background-size":"auto","background-attachment":"scroll","background-type":"","background-media":"","overlay-type":"","overlay-color":"","overlay-opacity":"","overlay-gradient":""}},"ast-content-background-meta":{"desktop":{"background-color":"var(--ast-global-color-5)","background-image":"","background-repeat":"repeat","background-position":"center center","background-size":"auto","background-attachment":"scroll","background-type":"","background-media":"","overlay-type":"","overlay-color":"","overlay-opacity":"","overlay-gradient":""},"tablet":{"background-color":"var(--ast-global-color-5)","background-image":"","background-repeat":"repeat","background-position":"center center","background-size":"auto","background-attachment":"scroll","background-type":"","background-media":"","overlay-type":"","overlay-color":"","overlay-opacity":"","overlay-gradient":""},"mobile":{"background-color":"var(--ast-global-color-5)","background-image":"","background-repeat":"repeat","background-position":"center center","background-size":"auto","background-attachment":"scroll","background-type":"","background-media":"","overlay-type":"","overlay-color":"","overlay-opacity":"","overlay-gradient":""}},"footnotes":""},"class_list":["post-11","page","type-page","status-publish","hentry"],"acf":[],"uagb_featured_image_src":{"full":false,"thumbnail":false,"medium":false,"medium_large":false,"large":false,"1536x1536":false,"2048x2048":false,"trp-custom-language-flag":false},"uagb_author_info":{"display_name":"admin","author_link":"https:\/\/www.voyageslemare.fr\/en\/author\/admin\/"},"uagb_comment_info":0,"uagb_excerpt":"D\u00e9couvrez notre flotte d&rsquo;autocarsDepuis 1927, nous vous offrons un large choix d\u2019autocars adapt\u00e9s \u00e0 vos besoins. Notre flotte d\u2019autocars est aujourd\u2019hui compos\u00e9e de 15 v\u00e9hicules allant du minibus 9 places \u00e0 l\u2019autocar double-\u00e9tage 93 places.En savoir plusSyst\u00e8me de purification d&rsquo;air CAPSPour voyager en toute s\u00e9curit\u00e9, nous avons \u00e9quip\u00e9 deux de nos autocars ont d\u2019un syst\u00e8me&hellip;","jetpack_sharing_enabled":true,"_links":{"self":[{"href":"https:\/\/www.voyageslemare.fr\/en\/wp-json\/wp\/v2\/pages\/11","targetHints":{"allow":["GET"]}}],"collection":[{"href":"https:\/\/www.voyageslemare.fr\/en\/wp-json\/wp\/v2\/pages"}],"about":[{"href":"https:\/\/www.voyageslemare.fr\/en\/wp-json\/wp\/v2\/types\/page"}],"author":[{"embeddable":true,"href":"https:\/\/www.voyageslemare.fr\/en\/wp-json\/wp\/v2\/users\/1"}],"replies":[{"embeddable":true,"href":"https:\/\/www.voyageslemare.fr\/en\/wp-json\/wp\/v2\/comments?post=11"}],"version-history":[{"count":0,"href":"https:\/\/www.voyageslemare.fr\/en\/wp-json\/wp\/v2\/pages\/11\/revisions"}],"wp:attachment":[{"href":"https:\/\/www.voyageslemare.fr\/en\/wp-json\/wp\/v2\/media?parent=11"}],"curies":[{"name":"wp","href":"https:\/\/api.w.org\/{rel}","templated":true}]}}