{"id":543,"date":"2020-03-17T11:44:59","date_gmt":"2020-03-17T10:44:59","guid":{"rendered":"https:\/\/www.voyageslemare.fr\/?page_id=543"},"modified":"2022-01-04T11:28:28","modified_gmt":"2022-01-04T10:28:28","slug":"actions-qualitatives","status":"publish","type":"page","link":"https:\/\/www.voyageslemare.fr\/en\/actions-qualitatives\/","title":{"rendered":"Quality action plan"},"content":{"rendered":"<div data-elementor-type=\"wp-page\" data-elementor-id=\"543\" class=\"elementor elementor-543\" data-elementor-post-type=\"page\">\n\t\t\t\t\t\t<section class=\"elementor-section elementor-top-section elementor-element elementor-element-27c5e8c6 elementor-section-boxed elementor-section-height-default elementor-section-height-default elementor-invisible\" data-id=\"27c5e8c6\" data-element_type=\"section\" data-e-type=\"section\" data-settings=\"{&quot;animation&quot;:&quot;fadeInLeft&quot;}\">\n\t\t\t\t\t\t<div class=\"elementor-container elementor-column-gap-default\">\n\t\t\t\t\t<div class=\"elementor-column elementor-col-50 elementor-top-column elementor-element elementor-element-34382daa\" data-id=\"34382daa\" data-element_type=\"column\" data-e-type=\"column\">\n\t\t\t<div class=\"elementor-widget-wrap elementor-element-populated\">\n\t\t\t\t\t\t<div class=\"elementor-element elementor-element-1a21c0f2 elementor-widget elementor-widget-heading\" data-id=\"1a21c0f2\" data-element_type=\"widget\" data-e-type=\"widget\" data-widget_type=\"heading.default\">\n\t\t\t\t<div class=\"elementor-widget-container\">\n\t\t\t\t\t<h2 class=\"elementor-heading-title elementor-size-medium\">Driver training:<\/h2>\t\t\t\t<\/div>\n\t\t\t\t<\/div>\n\t\t\t\t<div class=\"elementor-element elementor-element-51d9b030 elementor-widget-divider--view-line elementor-widget elementor-widget-divider\" data-id=\"51d9b030\" data-element_type=\"widget\" data-e-type=\"widget\" data-widget_type=\"divider.default\">\n\t\t\t\t<div class=\"elementor-widget-container\">\n\t\t\t\t\t\t\t<div class=\"elementor-divider\">\n\t\t\t<span class=\"elementor-divider-separator\">\n\t\t\t\t\t\t<\/span>\n\t\t<\/div>\n\t\t\t\t\t\t<\/div>\n\t\t\t\t<\/div>\n\t\t\t\t<div class=\"elementor-element elementor-element-4ab7e4fb elementor-widget elementor-widget-text-editor\" data-id=\"4ab7e4fb\" data-element_type=\"widget\" data-e-type=\"widget\" data-widget_type=\"text-editor.default\">\n\t\t\t\t<div class=\"elementor-widget-container\">\n\t\t\t\t\t\t\t\t\t<strong>Our drivers are trained regularly to promote our quality of service, such as:\n<\/strong>\t\t\t\t\t\t\t\t<\/div>\n\t\t\t\t<\/div>\n\t\t\t\t<div class=\"elementor-element elementor-element-4df4cac5 elementor-widget elementor-widget-text-editor\" data-id=\"4df4cac5\" data-element_type=\"widget\" data-e-type=\"widget\" data-widget_type=\"text-editor.default\">\n\t\t\t\t<div class=\"elementor-widget-container\">\n\t\t\t\t\t\t\t\t\t<ul><li>Customer welcome, friendliness, cleanliness and maintenance of equipment<\/li><li>Pleasant driving without dead ends<\/li><li>Safety by respecting driving times and daily mechanical maintenance<\/li><li>Training FIMO and FCO<\/li><\/ul>\t\t\t\t\t\t\t\t<\/div>\n\t\t\t\t<\/div>\n\t\t\t\t\t<\/div>\n\t\t<\/div>\n\t\t\t\t<div class=\"elementor-column elementor-col-50 elementor-top-column elementor-element elementor-element-347666b3\" data-id=\"347666b3\" data-element_type=\"column\" data-e-type=\"column\">\n\t\t\t<div class=\"elementor-widget-wrap elementor-element-populated\">\n\t\t\t\t\t\t<div class=\"elementor-element elementor-element-66201937 elementor-widget elementor-widget-image\" data-id=\"66201937\" data-element_type=\"widget\" data-e-type=\"widget\" data-widget_type=\"image.default\">\n\t\t\t\t<div class=\"elementor-widget-container\">\n\t\t\t\t\t\t\t\t\t\t\t\t\t\t\t<img fetchpriority=\"high\" decoding=\"async\" width=\"1000\" height=\"800\" src=\"https:\/\/i0.wp.com\/www.voyageslemare.fr\/wp-content\/uploads\/2020\/06\/chauffeurs.jpg?fit=1000%2C800&amp;ssl=1\" class=\"attachment-full size-full wp-image-983\" alt=\"Nos chauffeurs\" srcset=\"https:\/\/i0.wp.com\/www.voyageslemare.fr\/wp-content\/uploads\/2020\/06\/chauffeurs.jpg?w=1000&amp;ssl=1 1000w, https:\/\/i0.wp.com\/www.voyageslemare.fr\/wp-content\/uploads\/2020\/06\/chauffeurs.jpg?resize=300%2C240&amp;ssl=1 300w, https:\/\/i0.wp.com\/www.voyageslemare.fr\/wp-content\/uploads\/2020\/06\/chauffeurs.jpg?resize=768%2C614&amp;ssl=1 768w\" sizes=\"(max-width: 1000px) 100vw, 1000px\" \/>\t\t\t\t\t\t\t\t\t\t\t\t\t\t\t<\/div>\n\t\t\t\t<\/div>\n\t\t\t\t\t<\/div>\n\t\t<\/div>\n\t\t\t\t\t<\/div>\n\t\t<\/section>\n\t\t\t\t<section class=\"elementor-section elementor-top-section elementor-element elementor-element-4668789 elementor-reverse-mobile elementor-section-boxed elementor-section-height-default elementor-section-height-default elementor-invisible\" data-id=\"4668789\" data-element_type=\"section\" data-e-type=\"section\" data-settings=\"{&quot;animation&quot;:&quot;fadeInRight&quot;}\">\n\t\t\t\t\t\t<div class=\"elementor-container elementor-column-gap-default\">\n\t\t\t\t\t<div class=\"elementor-column elementor-col-50 elementor-top-column elementor-element elementor-element-90f7b8c\" data-id=\"90f7b8c\" data-element_type=\"column\" data-e-type=\"column\">\n\t\t\t<div class=\"elementor-widget-wrap elementor-element-populated\">\n\t\t\t\t\t\t<div class=\"elementor-element elementor-element-b8969cd elementor-widget elementor-widget-image\" data-id=\"b8969cd\" data-element_type=\"widget\" data-e-type=\"widget\" data-widget_type=\"image.default\">\n\t\t\t\t<div class=\"elementor-widget-container\">\n\t\t\t\t\t\t\t\t\t\t\t\t\t\t\t<img decoding=\"async\" width=\"1000\" height=\"800\" src=\"https:\/\/i0.wp.com\/www.voyageslemare.fr\/wp-content\/uploads\/2020\/06\/eco-responsable-1.jpg?fit=1000%2C800&amp;ssl=1\" class=\"attachment-full size-full wp-image-984\" alt=\"Eco responsable\" srcset=\"https:\/\/i0.wp.com\/www.voyageslemare.fr\/wp-content\/uploads\/2020\/06\/eco-responsable-1.jpg?w=1000&amp;ssl=1 1000w, https:\/\/i0.wp.com\/www.voyageslemare.fr\/wp-content\/uploads\/2020\/06\/eco-responsable-1.jpg?resize=300%2C240&amp;ssl=1 300w, https:\/\/i0.wp.com\/www.voyageslemare.fr\/wp-content\/uploads\/2020\/06\/eco-responsable-1.jpg?resize=768%2C614&amp;ssl=1 768w\" sizes=\"(max-width: 1000px) 100vw, 1000px\" \/>\t\t\t\t\t\t\t\t\t\t\t\t\t\t\t<\/div>\n\t\t\t\t<\/div>\n\t\t\t\t\t<\/div>\n\t\t<\/div>\n\t\t\t\t<div class=\"elementor-column elementor-col-50 elementor-top-column elementor-element elementor-element-c7927fd\" data-id=\"c7927fd\" data-element_type=\"column\" data-e-type=\"column\">\n\t\t\t<div class=\"elementor-widget-wrap elementor-element-populated\">\n\t\t\t\t\t\t<div class=\"elementor-element elementor-element-cd4ec76 elementor-widget elementor-widget-heading\" data-id=\"cd4ec76\" data-element_type=\"widget\" data-e-type=\"widget\" data-widget_type=\"heading.default\">\n\t\t\t\t<div class=\"elementor-widget-container\">\n\t\t\t\t\t<h2 class=\"elementor-heading-title elementor-size-medium\">An eco responsible company :<\/h2>\t\t\t\t<\/div>\n\t\t\t\t<\/div>\n\t\t\t\t<div class=\"elementor-element elementor-element-444e489 elementor-widget-divider--view-line elementor-widget elementor-widget-divider\" data-id=\"444e489\" data-element_type=\"widget\" data-e-type=\"widget\" data-widget_type=\"divider.default\">\n\t\t\t\t<div class=\"elementor-widget-container\">\n\t\t\t\t\t\t\t<div class=\"elementor-divider\">\n\t\t\t<span class=\"elementor-divider-separator\">\n\t\t\t\t\t\t<\/span>\n\t\t<\/div>\n\t\t\t\t\t\t<\/div>\n\t\t\t\t<\/div>\n\t\t\t\t<div class=\"elementor-element elementor-element-fb9636e elementor-widget elementor-widget-text-editor\" data-id=\"fb9636e\" data-element_type=\"widget\" data-e-type=\"widget\" data-widget_type=\"text-editor.default\">\n\t\t\t\t<div class=\"elementor-widget-container\">\n\t\t\t\t\t\t\t\t\t<ul><li class=\"li1\"><span class=\"s2\">A fleet of economical and ecological vehicles meeting EURO V and VI antipollution standards guaranteeing reduced atmospheric emissions.<\/span><\/li><li class=\"li1\"><span class=\"s2\">Our washing stations are equipped with a sludge trap and an oil separator so as not to send pollutants into the wastewater recovery circuit.<\/span><\/li><li class=\"li1\"><span class=\"s2\">A fleet of economical and ecological vehicles meeting EURO V and VI antipollution standards guaranteeing reduced atmospheric emissions.<\/span><\/li><li class=\"li1\"><span class=\"s2\">Sorting of waste from the maintenance of our vehicles (boxes, parts, batteries, metal) and transportation to a recycling center for reprocessing<\/span><\/li><\/ul>\t\t\t\t\t\t\t\t<\/div>\n\t\t\t\t<\/div>\n\t\t\t\t\t<\/div>\n\t\t<\/div>\n\t\t\t\t\t<\/div>\n\t\t<\/section>\n\t\t\t\t<section class=\"elementor-section elementor-top-section elementor-element elementor-element-46026db elementor-section-boxed elementor-section-height-default elementor-section-height-default elementor-invisible\" data-id=\"46026db\" data-element_type=\"section\" data-e-type=\"section\" data-settings=\"{&quot;animation&quot;:&quot;fadeInLeft&quot;}\">\n\t\t\t\t\t\t<div class=\"elementor-container elementor-column-gap-default\">\n\t\t\t\t\t<div class=\"elementor-column elementor-col-50 elementor-top-column elementor-element elementor-element-d6d4890\" data-id=\"d6d4890\" data-element_type=\"column\" data-e-type=\"column\">\n\t\t\t<div class=\"elementor-widget-wrap elementor-element-populated\">\n\t\t\t\t\t\t<div class=\"elementor-element elementor-element-b856f5f elementor-widget elementor-widget-heading\" data-id=\"b856f5f\" data-element_type=\"widget\" data-e-type=\"widget\" data-widget_type=\"heading.default\">\n\t\t\t\t<div class=\"elementor-widget-container\">\n\t\t\t\t\t<h2 class=\"elementor-heading-title elementor-size-medium\">Fleet renewal :\n<\/h2>\t\t\t\t<\/div>\n\t\t\t\t<\/div>\n\t\t\t\t<div class=\"elementor-element elementor-element-d33c617 elementor-widget-divider--view-line elementor-widget elementor-widget-divider\" data-id=\"d33c617\" data-element_type=\"widget\" data-e-type=\"widget\" data-widget_type=\"divider.default\">\n\t\t\t\t<div class=\"elementor-widget-container\">\n\t\t\t\t\t\t\t<div class=\"elementor-divider\">\n\t\t\t<span class=\"elementor-divider-separator\">\n\t\t\t\t\t\t<\/span>\n\t\t<\/div>\n\t\t\t\t\t\t<\/div>\n\t\t\t\t<\/div>\n\t\t\t\t<div class=\"elementor-element elementor-element-b3346bb elementor-widget elementor-widget-text-editor\" data-id=\"b3346bb\" data-element_type=\"widget\" data-e-type=\"widget\" data-widget_type=\"text-editor.default\">\n\t\t\t\t<div class=\"elementor-widget-container\">\n\t\t\t\t\t\t\t\t\t<p class=\"p1\"><span class=\"s1\">Our vehicles are renewed regularly to maintain an average age of 6 years. Essentially made up of the VANHOOL brand, our vehicles are equipped with the latest innovations in <strong>safety, comfort and environmental protection.<\/strong><\/span><\/p>\t\t\t\t\t\t\t\t<\/div>\n\t\t\t\t<\/div>\n\t\t\t\t\t<\/div>\n\t\t<\/div>\n\t\t\t\t<div class=\"elementor-column elementor-col-50 elementor-top-column elementor-element elementor-element-c320ad3\" data-id=\"c320ad3\" data-element_type=\"column\" data-e-type=\"column\">\n\t\t\t<div class=\"elementor-widget-wrap elementor-element-populated\">\n\t\t\t\t\t\t<div class=\"elementor-element elementor-element-9164f22 elementor-widget elementor-widget-image\" data-id=\"9164f22\" data-element_type=\"widget\" data-e-type=\"widget\" data-widget_type=\"image.default\">\n\t\t\t\t<div class=\"elementor-widget-container\">\n\t\t\t\t\t\t\t\t\t\t\t\t\t\t\t<img decoding=\"async\" width=\"1280\" height=\"960\" src=\"https:\/\/i0.wp.com\/www.voyageslemare.fr\/wp-content\/uploads\/2021\/06\/thumbnail_IMG_3812.jpg?fit=1280%2C960&amp;ssl=1\" class=\"attachment-full size-full wp-image-1482\" alt=\"\" srcset=\"https:\/\/i0.wp.com\/www.voyageslemare.fr\/wp-content\/uploads\/2021\/06\/thumbnail_IMG_3812.jpg?w=1280&amp;ssl=1 1280w, https:\/\/i0.wp.com\/www.voyageslemare.fr\/wp-content\/uploads\/2021\/06\/thumbnail_IMG_3812.jpg?resize=300%2C225&amp;ssl=1 300w, https:\/\/i0.wp.com\/www.voyageslemare.fr\/wp-content\/uploads\/2021\/06\/thumbnail_IMG_3812.jpg?resize=1024%2C768&amp;ssl=1 1024w, https:\/\/i0.wp.com\/www.voyageslemare.fr\/wp-content\/uploads\/2021\/06\/thumbnail_IMG_3812.jpg?resize=768%2C576&amp;ssl=1 768w, https:\/\/i0.wp.com\/www.voyageslemare.fr\/wp-content\/uploads\/2021\/06\/thumbnail_IMG_3812.jpg?resize=16%2C12&amp;ssl=1 16w\" sizes=\"(max-width: 1280px) 100vw, 1280px\" \/>\t\t\t\t\t\t\t\t\t\t\t\t\t\t\t<\/div>\n\t\t\t\t<\/div>\n\t\t\t\t\t<\/div>\n\t\t<\/div>\n\t\t\t\t\t<\/div>\n\t\t<\/section>\n\t\t\t\t<section class=\"elementor-section elementor-top-section elementor-element elementor-element-0bffa3a elementor-reverse-mobile elementor-section-boxed elementor-section-height-default elementor-section-height-default elementor-invisible\" data-id=\"0bffa3a\" data-element_type=\"section\" data-e-type=\"section\" data-settings=\"{&quot;animation&quot;:&quot;fadeInRight&quot;}\">\n\t\t\t\t\t\t<div class=\"elementor-container elementor-column-gap-default\">\n\t\t\t\t\t<div class=\"elementor-column elementor-col-50 elementor-top-column elementor-element elementor-element-d00f217\" data-id=\"d00f217\" data-element_type=\"column\" data-e-type=\"column\">\n\t\t\t<div class=\"elementor-widget-wrap elementor-element-populated\">\n\t\t\t\t\t\t<div class=\"elementor-element elementor-element-6973de8 elementor-widget elementor-widget-image\" data-id=\"6973de8\" data-element_type=\"widget\" data-e-type=\"widget\" data-widget_type=\"image.default\">\n\t\t\t\t<div class=\"elementor-widget-container\">\n\t\t\t\t\t\t\t\t\t\t\t\t\t\t\t<img loading=\"lazy\" decoding=\"async\" width=\"1000\" height=\"800\" src=\"https:\/\/i0.wp.com\/www.voyageslemare.fr\/wp-content\/uploads\/2020\/06\/entretien.jpg?fit=1000%2C800&amp;ssl=1\" class=\"attachment-full size-full wp-image-981\" alt=\"Entretien des autocars\" srcset=\"https:\/\/i0.wp.com\/www.voyageslemare.fr\/wp-content\/uploads\/2020\/06\/entretien.jpg?w=1000&amp;ssl=1 1000w, https:\/\/i0.wp.com\/www.voyageslemare.fr\/wp-content\/uploads\/2020\/06\/entretien.jpg?resize=300%2C240&amp;ssl=1 300w, https:\/\/i0.wp.com\/www.voyageslemare.fr\/wp-content\/uploads\/2020\/06\/entretien.jpg?resize=768%2C614&amp;ssl=1 768w\" sizes=\"(max-width: 1000px) 100vw, 1000px\" \/>\t\t\t\t\t\t\t\t\t\t\t\t\t\t\t<\/div>\n\t\t\t\t<\/div>\n\t\t\t\t<div class=\"elementor-element elementor-element-89716f0 elementor-widget elementor-widget-menu-anchor\" data-id=\"89716f0\" data-element_type=\"widget\" data-e-type=\"widget\" data-widget_type=\"menu-anchor.default\">\n\t\t\t\t<div class=\"elementor-widget-container\">\n\t\t\t\t\t\t\t<div class=\"elementor-menu-anchor\" id=\"caps\"><\/div>\n\t\t\t\t\t\t<\/div>\n\t\t\t\t<\/div>\n\t\t\t\t\t<\/div>\n\t\t<\/div>\n\t\t\t\t<div class=\"elementor-column elementor-col-50 elementor-top-column elementor-element elementor-element-d18949f\" data-id=\"d18949f\" data-element_type=\"column\" data-e-type=\"column\">\n\t\t\t<div class=\"elementor-widget-wrap elementor-element-populated\">\n\t\t\t\t\t\t<div class=\"elementor-element elementor-element-4264673 elementor-widget elementor-widget-heading\" data-id=\"4264673\" data-element_type=\"widget\" data-e-type=\"widget\" data-widget_type=\"heading.default\">\n\t\t\t\t<div class=\"elementor-widget-container\">\n\t\t\t\t\t<h2 class=\"elementor-heading-title elementor-size-medium\">Garage maintenance :<\/h2>\t\t\t\t<\/div>\n\t\t\t\t<\/div>\n\t\t\t\t<div class=\"elementor-element elementor-element-341acf4 elementor-widget-divider--view-line elementor-widget elementor-widget-divider\" data-id=\"341acf4\" data-element_type=\"widget\" data-e-type=\"widget\" data-widget_type=\"divider.default\">\n\t\t\t\t<div class=\"elementor-widget-container\">\n\t\t\t\t\t\t\t<div class=\"elementor-divider\">\n\t\t\t<span class=\"elementor-divider-separator\">\n\t\t\t\t\t\t<\/span>\n\t\t<\/div>\n\t\t\t\t\t\t<\/div>\n\t\t\t\t<\/div>\n\t\t\t\t<div class=\"elementor-element elementor-element-9243d1c elementor-widget elementor-widget-text-editor\" data-id=\"9243d1c\" data-element_type=\"widget\" data-e-type=\"widget\" data-widget_type=\"text-editor.default\">\n\t\t\t\t<div class=\"elementor-widget-container\">\n\t\t\t\t\t\t\t\t\t<p><strong>Vehicle maintenance is done in our workshops, in addition to the official control twice a year, regular monitoring of rolling stock is organized by both our drivers and our mechanic.<\/strong><\/p>\t\t\t\t\t\t\t\t<\/div>\n\t\t\t\t<\/div>\n\t\t\t\t\t<\/div>\n\t\t<\/div>\n\t\t\t\t\t<\/div>\n\t\t<\/section>\n\t\t\t\t<section class=\"elementor-section elementor-top-section elementor-element elementor-element-8c037a9 elementor-section-boxed elementor-section-height-default elementor-section-height-default elementor-invisible\" data-id=\"8c037a9\" data-element_type=\"section\" data-e-type=\"section\" data-settings=\"{&quot;animation&quot;:&quot;fadeInLeft&quot;}\">\n\t\t\t\t\t\t<div class=\"elementor-container elementor-column-gap-default\">\n\t\t\t\t\t<div class=\"elementor-column elementor-col-50 elementor-top-column elementor-element elementor-element-67e0ba6\" data-id=\"67e0ba6\" data-element_type=\"column\" data-e-type=\"column\">\n\t\t\t<div class=\"elementor-widget-wrap elementor-element-populated\">\n\t\t\t\t\t\t<div class=\"elementor-element elementor-element-fa01bd3 elementor-widget elementor-widget-heading\" data-id=\"fa01bd3\" data-element_type=\"widget\" data-e-type=\"widget\" data-widget_type=\"heading.default\">\n\t\t\t\t<div class=\"elementor-widget-container\">\n\t\t\t\t\t<h2 class=\"elementor-heading-title elementor-size-medium\">Syst\u00e8me de purification d\u2019air virucide van Hool CAPS\n<\/h2>\t\t\t\t<\/div>\n\t\t\t\t<\/div>\n\t\t\t\t<div class=\"elementor-element elementor-element-8a1be42 elementor-widget-divider--view-line elementor-widget elementor-widget-divider\" data-id=\"8a1be42\" data-element_type=\"widget\" data-e-type=\"widget\" data-widget_type=\"divider.default\">\n\t\t\t\t<div class=\"elementor-widget-container\">\n\t\t\t\t\t\t\t<div class=\"elementor-divider\">\n\t\t\t<span class=\"elementor-divider-separator\">\n\t\t\t\t\t\t<\/span>\n\t\t<\/div>\n\t\t\t\t\t\t<\/div>\n\t\t\t\t<\/div>\n\t\t\t\t<div class=\"elementor-element elementor-element-869df3e elementor-widget elementor-widget-text-editor\" data-id=\"869df3e\" data-element_type=\"widget\" data-e-type=\"widget\" data-widget_type=\"text-editor.default\">\n\t\t\t\t<div class=\"elementor-widget-container\">\n\t\t\t\t\t\t\t\t\t<p class=\"p1\">Les Voyages Lemare ont \u00e9quip\u00e9 2 autocars Van Hool (1 EX16 et 1 TX17 Acron) du syst\u00e8me Caps afin de garantir \u00e0 nos clients et chauffeurs des voyages en toute s\u00e9curit\u00e9. Caps, pour \u00ab Clean air purifying system \u00bb utilise la derni\u00e8re technologie pour <strong>purifier l&rsquo;air dans le v\u00e9hicule, st\u00e9riliser les ions et \u00e9liminer les bact\u00e9ries et les virus de l&rsquo;air int\u00e9rieur du v\u00e9hicule.<\/strong> Avec cet investissement, nous souhaitons montrer \u00e0 nos clients et \u00e0 nos chauffeurs que nos sommes pr\u00eat \u00e0 vous faire <strong>voyager dans des conditions s\u00fbres.<\/strong><\/p>\t\t\t\t\t\t\t\t<\/div>\n\t\t\t\t<\/div>\n\t\t\t\t<div class=\"elementor-element elementor-element-8672dbe elementor-widget elementor-widget-button\" data-id=\"8672dbe\" data-element_type=\"widget\" data-e-type=\"widget\" data-widget_type=\"button.default\">\n\t\t\t\t<div class=\"elementor-widget-container\">\n\t\t\t\t\t\t\t\t\t<div class=\"elementor-button-wrapper\">\n\t\t\t\t\t<a class=\"elementor-button elementor-button-link elementor-size-sm\" href=\"https:\/\/www.voyageslemare.fr\/wp-content\/uploads\/2022\/01\/PUB-CAPS-v2.pdf\">\n\t\t\t\t\t\t<span class=\"elementor-button-content-wrapper\">\n\t\t\t\t\t\t\t\t\t<span class=\"elementor-button-text\">T\u00e9l\u00e9chargez la brochure explicative<\/span>\n\t\t\t\t\t<\/span>\n\t\t\t\t\t<\/a>\n\t\t\t\t<\/div>\n\t\t\t\t\t\t\t\t<\/div>\n\t\t\t\t<\/div>\n\t\t\t\t\t<\/div>\n\t\t<\/div>\n\t\t\t\t<div class=\"elementor-column elementor-col-50 elementor-top-column elementor-element elementor-element-51a71a4\" data-id=\"51a71a4\" data-element_type=\"column\" data-e-type=\"column\">\n\t\t\t<div class=\"elementor-widget-wrap elementor-element-populated\">\n\t\t\t\t\t\t<div class=\"elementor-element elementor-element-0099f9b elementor-widget elementor-widget-image\" data-id=\"0099f9b\" data-element_type=\"widget\" data-e-type=\"widget\" data-widget_type=\"image.default\">\n\t\t\t\t<div class=\"elementor-widget-container\">\n\t\t\t\t\t\t\t\t\t\t\t\t\t\t\t<img loading=\"lazy\" decoding=\"async\" width=\"1000\" height=\"750\" src=\"https:\/\/i0.wp.com\/www.voyageslemare.fr\/wp-content\/uploads\/2022\/01\/Van-Hool-Caps.jpg?fit=1000%2C750&amp;ssl=1\" class=\"attachment-full size-full wp-image-1957\" alt=\"\" srcset=\"https:\/\/i0.wp.com\/www.voyageslemare.fr\/wp-content\/uploads\/2022\/01\/Van-Hool-Caps.jpg?w=1000&amp;ssl=1 1000w, https:\/\/i0.wp.com\/www.voyageslemare.fr\/wp-content\/uploads\/2022\/01\/Van-Hool-Caps.jpg?resize=300%2C225&amp;ssl=1 300w, https:\/\/i0.wp.com\/www.voyageslemare.fr\/wp-content\/uploads\/2022\/01\/Van-Hool-Caps.jpg?resize=768%2C576&amp;ssl=1 768w, https:\/\/i0.wp.com\/www.voyageslemare.fr\/wp-content\/uploads\/2022\/01\/Van-Hool-Caps.jpg?resize=16%2C12&amp;ssl=1 16w\" sizes=\"(max-width: 1000px) 100vw, 1000px\" \/>\t\t\t\t\t\t\t\t\t\t\t\t\t\t\t<\/div>\n\t\t\t\t<\/div>\n\t\t\t\t\t<\/div>\n\t\t<\/div>\n\t\t\t\t\t<\/div>\n\t\t<\/section>\n\t\t\t\t<\/div>","protected":false},"excerpt":{"rendered":"<p>Formation des conducteurs : Nos conducteurs sont form\u00e9s r\u00e9guli\u00e8rement afin de promouvoir notre qualit\u00e9 de service, tel que\u00a0: L\u2019accueil du client, amabilit\u00e9, propret\u00e9 et entretien du mat\u00e9riel La conduite agr\u00e9able sans accoups La s\u00e9curit\u00e9 par le respect des temps de conduite et de l\u2019entretien m\u00e9canique journalier Formation FIMO et FCO Une entreprise Eco responsable : [&hellip;]<\/p>\n","protected":false},"author":1,"featured_media":936,"parent":0,"menu_order":0,"comment_status":"closed","ping_status":"closed","template":"","meta":{"_acf_changed":false,"_uag_custom_page_level_css":"","site-sidebar-layout":"no-sidebar","site-content-layout":"page-builder","ast-site-content-layout":"default","site-content-style":"default","site-sidebar-style":"default","ast-global-header-display":"","ast-banner-title-visibility":"","ast-main-header-display":"","ast-hfb-above-header-display":"","ast-hfb-below-header-display":"","ast-hfb-mobile-header-display":"","site-post-title":"disabled","ast-breadcrumbs-content":"","ast-featured-img":"disabled","footer-sml-layout":"","ast-disable-related-posts":"","theme-transparent-header-meta":"enabled","adv-header-id-meta":"","stick-header-meta":"","header-above-stick-meta":"","header-main-stick-meta":"","header-below-stick-meta":"","astra-migrate-meta-layouts":"default","ast-page-background-enabled":"default","ast-page-background-meta":{"desktop":{"background-color":"","background-image":"","background-repeat":"repeat","background-position":"center center","background-size":"auto","background-attachment":"scroll","background-type":"","background-media":"","overlay-type":"","overlay-color":"","overlay-opacity":"","overlay-gradient":""},"tablet":{"background-color":"","background-image":"","background-repeat":"repeat","background-position":"center center","background-size":"auto","background-attachment":"scroll","background-type":"","background-media":"","overlay-type":"","overlay-color":"","overlay-opacity":"","overlay-gradient":""},"mobile":{"background-color":"","background-image":"","background-repeat":"repeat","background-position":"center center","background-size":"auto","background-attachment":"scroll","background-type":"","background-media":"","overlay-type":"","overlay-color":"","overlay-opacity":"","overlay-gradient":""}},"ast-content-background-meta":{"desktop":{"background-color":"var(--ast-global-color-5)","background-image":"","background-repeat":"repeat","background-position":"center center","background-size":"auto","background-attachment":"scroll","background-type":"","background-media":"","overlay-type":"","overlay-color":"","overlay-opacity":"","overlay-gradient":""},"tablet":{"background-color":"var(--ast-global-color-5)","background-image":"","background-repeat":"repeat","background-position":"center center","background-size":"auto","background-attachment":"scroll","background-type":"","background-media":"","overlay-type":"","overlay-color":"","overlay-opacity":"","overlay-gradient":""},"mobile":{"background-color":"var(--ast-global-color-5)","background-image":"","background-repeat":"repeat","background-position":"center center","background-size":"auto","background-attachment":"scroll","background-type":"","background-media":"","overlay-type":"","overlay-color":"","overlay-opacity":"","overlay-gradient":""}},"footnotes":""},"class_list":["post-543","page","type-page","status-publish","has-post-thumbnail","hentry"],"acf":[],"uagb_featured_image_src":{"full":["https:\/\/i0.wp.com\/www.voyageslemare.fr\/wp-content\/uploads\/2020\/06\/tx17-2-e1640163636784.jpg?fit=2560%2C1440&ssl=1",2560,1440,false],"thumbnail":["https:\/\/i0.wp.com\/www.voyageslemare.fr\/wp-content\/uploads\/2020\/06\/tx17-2-e1640163636784.jpg?resize=150%2C150&ssl=1",150,150,true],"medium":["https:\/\/i0.wp.com\/www.voyageslemare.fr\/wp-content\/uploads\/2020\/06\/tx17-2-e1640163636784.jpg?fit=300%2C169&ssl=1",300,169,true],"medium_large":["https:\/\/i0.wp.com\/www.voyageslemare.fr\/wp-content\/uploads\/2020\/06\/tx17-2-e1640163636784.jpg?fit=768%2C432&ssl=1",768,432,true],"large":["https:\/\/i0.wp.com\/www.voyageslemare.fr\/wp-content\/uploads\/2020\/06\/tx17-2-e1640163636784.jpg?fit=1024%2C576&ssl=1",1024,576,true],"1536x1536":["https:\/\/i0.wp.com\/www.voyageslemare.fr\/wp-content\/uploads\/2020\/06\/tx17-2-e1640163636784.jpg?fit=1536%2C864&ssl=1",1536,864,true],"2048x2048":["https:\/\/i0.wp.com\/www.voyageslemare.fr\/wp-content\/uploads\/2020\/06\/tx17-2-e1640163636784.jpg?fit=2048%2C1152&ssl=1",2048,1152,true],"trp-custom-language-flag":["https:\/\/i0.wp.com\/www.voyageslemare.fr\/wp-content\/uploads\/2020\/06\/tx17-2-e1640163636784.jpg?fit=18%2C10&ssl=1",18,10,true]},"uagb_author_info":{"display_name":"admin","author_link":"https:\/\/www.voyageslemare.fr\/en\/author\/admin\/"},"uagb_comment_info":0,"uagb_excerpt":"Formation des conducteurs : Nos conducteurs sont form\u00e9s r\u00e9guli\u00e8rement afin de promouvoir notre qualit\u00e9 de service, tel que\u00a0: L\u2019accueil du client, amabilit\u00e9, propret\u00e9 et entretien du mat\u00e9riel La conduite agr\u00e9able sans accoups La s\u00e9curit\u00e9 par le respect des temps de conduite et de l\u2019entretien m\u00e9canique journalier Formation FIMO et FCO Une entreprise Eco responsable :&hellip;","jetpack_sharing_enabled":true,"_links":{"self":[{"href":"https:\/\/www.voyageslemare.fr\/en\/wp-json\/wp\/v2\/pages\/543","targetHints":{"allow":["GET"]}}],"collection":[{"href":"https:\/\/www.voyageslemare.fr\/en\/wp-json\/wp\/v2\/pages"}],"about":[{"href":"https:\/\/www.voyageslemare.fr\/en\/wp-json\/wp\/v2\/types\/page"}],"author":[{"embeddable":true,"href":"https:\/\/www.voyageslemare.fr\/en\/wp-json\/wp\/v2\/users\/1"}],"replies":[{"embeddable":true,"href":"https:\/\/www.voyageslemare.fr\/en\/wp-json\/wp\/v2\/comments?post=543"}],"version-history":[{"count":0,"href":"https:\/\/www.voyageslemare.fr\/en\/wp-json\/wp\/v2\/pages\/543\/revisions"}],"wp:featuredmedia":[{"embeddable":true,"href":"https:\/\/www.voyageslemare.fr\/en\/wp-json\/wp\/v2\/media\/936"}],"wp:attachment":[{"href":"https:\/\/www.voyageslemare.fr\/en\/wp-json\/wp\/v2\/media?parent=543"}],"curies":[{"name":"wp","href":"https:\/\/api.w.org\/{rel}","templated":true}]}}