{"id":732,"date":"2020-03-18T10:22:42","date_gmt":"2020-03-18T09:22:42","guid":{"rendered":"https:\/\/www.voyageslemare.fr\/?page_id=732"},"modified":"2020-07-10T10:18:38","modified_gmt":"2020-07-10T08:18:38","slug":"mentions-legales","status":"publish","type":"page","link":"https:\/\/www.voyageslemare.fr\/en\/mentions-legales\/","title":{"rendered":"Legal notice"},"content":{"rendered":"<div data-elementor-type=\"wp-page\" data-elementor-id=\"732\" class=\"elementor elementor-732\" data-elementor-post-type=\"page\">\n\t\t\t\t\t\t<section class=\"elementor-section elementor-top-section elementor-element elementor-element-2fc2e785 elementor-section-full_width elementor-section-height-default elementor-section-height-default\" data-id=\"2fc2e785\" data-element_type=\"section\" data-e-type=\"section\" data-settings=\"{&quot;background_background&quot;:&quot;classic&quot;}\">\n\t\t\t\t\t\t\t<div class=\"elementor-background-overlay\"><\/div>\n\t\t\t\t\t\t\t<div class=\"elementor-container elementor-column-gap-default\">\n\t\t\t\t\t<div class=\"elementor-column elementor-col-33 elementor-top-column elementor-element elementor-element-3c2c7ced\" data-id=\"3c2c7ced\" data-element_type=\"column\" data-e-type=\"column\">\n\t\t\t<div class=\"elementor-widget-wrap\">\n\t\t\t\t\t\t\t<\/div>\n\t\t<\/div>\n\t\t\t\t<div class=\"elementor-column elementor-col-33 elementor-top-column elementor-element elementor-element-3142c959\" data-id=\"3142c959\" data-element_type=\"column\" data-e-type=\"column\">\n\t\t\t<div class=\"elementor-widget-wrap elementor-element-populated\">\n\t\t\t\t\t\t<div class=\"elementor-element elementor-element-fd99a6e elementor-invisible elementor-widget elementor-widget-heading\" data-id=\"fd99a6e\" data-element_type=\"widget\" data-e-type=\"widget\" data-settings=\"{&quot;_animation&quot;:&quot;fadeInUp&quot;}\" data-widget_type=\"heading.default\">\n\t\t\t\t<div class=\"elementor-widget-container\">\n\t\t\t\t\t<h1 class=\"elementor-heading-title elementor-size-default\">mentions l\u00e9gales<\/h1>\t\t\t\t<\/div>\n\t\t\t\t<\/div>\n\t\t\t\t\t<\/div>\n\t\t<\/div>\n\t\t\t\t<div class=\"elementor-column elementor-col-33 elementor-top-column elementor-element elementor-element-36aad87\" data-id=\"36aad87\" data-element_type=\"column\" data-e-type=\"column\">\n\t\t\t<div class=\"elementor-widget-wrap\">\n\t\t\t\t\t\t\t<\/div>\n\t\t<\/div>\n\t\t\t\t\t<\/div>\n\t\t<\/section>\n\t\t\t\t<section class=\"elementor-section elementor-top-section elementor-element elementor-element-4feb0ed elementor-section-boxed elementor-section-height-default elementor-section-height-default\" data-id=\"4feb0ed\" data-element_type=\"section\" data-e-type=\"section\">\n\t\t\t\t\t\t<div class=\"elementor-container elementor-column-gap-default\">\n\t\t\t\t\t<div class=\"elementor-column elementor-col-100 elementor-top-column elementor-element elementor-element-22af5c9\" data-id=\"22af5c9\" data-element_type=\"column\" data-e-type=\"column\">\n\t\t\t<div class=\"elementor-widget-wrap elementor-element-populated\">\n\t\t\t\t\t\t<div class=\"elementor-element elementor-element-3b1988a elementor-widget elementor-widget-text-editor\" data-id=\"3b1988a\" data-element_type=\"widget\" data-e-type=\"widget\" data-widget_type=\"text-editor.default\">\n\t\t\t\t<div class=\"elementor-widget-container\">\n\t\t\t\t\t\t\t\t\t<p><b>Loi informatique et libert\u00e9s :<\/b><\/p><p>Conform\u00e9ment \u00e0 l&rsquo;article 39 de la loi \u00ab\u00a0Informatique et Libert\u00e9s\u00a0\u00bb du 6 janvier 1978, l&rsquo;utilisateur dispose d&rsquo;un droit d&rsquo;acc\u00e8s, de modification, de rectification et de suppression des donn\u00e9es le concernant. Pour l&rsquo;exercice de ces droits, l&rsquo;utilisateur est invit\u00e9 \u00e0 s&rsquo;adresser par courriel \u00e0\u00a0<a href=\"https:\/\/www.voyageslemare.fr\/en\/voyages-normandie\/contact.php\/\">voyages-lemare@wanadoo.fr<\/a>. Il peut aussi \u00e9crire au\u00a0<b>Responsable de publication :<\/b><\/p><p>SARL VOYAGES LEMARE<br \/>Z.A RUE DE L&rsquo;ENTRE 2 ROCHERS<br \/>50350 DONVILLE<br \/>T\u00e9l. : 02 33 50 01 74<br \/>Fax. : 02 33 50 60 15<br \/>Siret : 34921655600028<\/p><p>L&rsquo;utilisateur peut \u00e9galement, pour des motifs l\u00e9gitimes, s&rsquo;opposer au traitement des donn\u00e9es le concernant. L&rsquo;utilisateur trouvera des informations sur ses droits et devoirs et sur la protection des donn\u00e9es individuelles sur le site de la\u00a0<a href=\"https:\/\/www.cnil.fr\/\" target=\"_blank\" rel=\"noopener\">\u00ab\u00a0Commission Nationale Informatique et Libert\u00e9s\u00a0\u00bb<\/a>.<br \/>Les utilisateurs du site Internet\u00a0<a href=\"https:\/\/www.voyageslemare.fr\/en\/\">https:\/\/www.voyageslemare.fr<\/a>\u00a0sont invit\u00e9s \u00e0 faire conna\u00eetre \u00e0 SARL VOYAGES LEMARE leurs remarques sur d&rsquo;\u00e9ventuels dysfonctionnements du site, au regard des libert\u00e9s individuelles, \u00e0 l&rsquo;une ou l&rsquo;autre des adresses indiqu\u00e9es ci-avant.<\/p><p><b>Propri\u00e9t\u00e9 intellectuelle :<\/b><\/p><p>Toute reproduction int\u00e9grale ou partielle, par quelque proc\u00e9d\u00e9 que ce soit, faite sans le consentement pr\u00e9alable et \u00e9crit de\u00a0<a href=\"https:\/\/www.agencealix.fr\/\">- Agence Alix\u00a0<\/a>est illicite et constitue une contrefa\u00e7on donnant lieu \u00e0 des sanctions p\u00e9nales.<br \/>Conform\u00e9ment aux dispositions de la loi n 98-536 du 1er juillet 1998, portant transposition dans le Code de la propri\u00e9t\u00e9 intellectuelle de la directive 96\/9\/CE du 11 mars 1996, concernant la protection juridique des bases de donn\u00e9es, <a href=\"https:\/\/www.agencealix.fr\/\">- Agence Alix<\/a>\u00a0est producteur de sa base de donn\u00e9es, accessible sur le pr\u00e9sent site, et dont elle est seule propri\u00e9taire.<br \/>En acc\u00e9dant au pr\u00e9sent site, vous reconnaissez que les donn\u00e9es le composant sont l\u00e9galement prot\u00e9g\u00e9es et, conform\u00e9ment aux dispositions de la loi du 1er juillet 1998, vous vous interdisez notamment d&rsquo;extraire, r\u00e9utiliser, stocker, reproduire, repr\u00e9senter ou conserver, directement ou indirectement, sur un support quelconque, par tout moyen et sous toute forme que ce soit, tout ou partie qualitativement ou quantitativement substantielle du site auquel vous acc\u00e9dez ainsi que d&rsquo;en faire l&rsquo;extraction ou la r\u00e9utilisation r\u00e9p\u00e9t\u00e9e et syst\u00e9matique de parties qualitativement et quantitativement non substantielles lorsque ces op\u00e9rations exc\u00e8dent manifestement les conditions d&rsquo;utilisation normales.<\/p><p><b><a title=\"MT Conseils\" href=\"https:\/\/www.mt-conseils.com\/\" target=\"_blank\" rel=\"noopener\">Agence cr\u00e9atrice du site internet :<\/a><\/b><br \/><a href=\"https:\/\/www.agencealix.fr\/\">- Agence Alix<\/a><br \/>2 Rue Alfred Duros<br \/>50890 CONDE SUR VIRE<br \/>T\u00e9l\u00e9phone : 02 33 57 00 88<br \/>Siret : 513 017 004 00013 RCS Coutances<\/p><p><a href=\"https:\/\/www.agencealix.fr\/\">Agence de communication<\/a> Print et web<\/p><p><br \/><b>H\u00e9bergement<\/b><\/p><p>CYBERSCOPE<br \/>556, avenue de Limoges<br \/>79000 NIORT<br \/>Siret : 40324594700037<\/p><p><b>Cr\u00e9dits photos<\/b><\/p>\t\t\t\t\t\t\t\t<\/div>\n\t\t\t\t<\/div>\n\t\t\t\t\t<\/div>\n\t\t<\/div>\n\t\t\t\t\t<\/div>\n\t\t<\/section>\n\t\t\t\t<\/div>","protected":false},"excerpt":{"rendered":"<p>mentions l\u00e9gales Loi informatique et libert\u00e9s : Conform\u00e9ment \u00e0 l&rsquo;article 39 de la loi \u00ab\u00a0Informatique et Libert\u00e9s\u00a0\u00bb du 6 janvier 1978, l&rsquo;utilisateur dispose d&rsquo;un droit d&rsquo;acc\u00e8s, de modification, de rectification et de suppression des donn\u00e9es le concernant. Pour l&rsquo;exercice de ces droits, l&rsquo;utilisateur est invit\u00e9 \u00e0 s&rsquo;adresser par courriel \u00e0\u00a0voyages-lemare@wanadoo.fr. Il peut aussi \u00e9crire au\u00a0Responsable [&hellip;]<\/p>\n","protected":false},"author":1,"featured_media":0,"parent":0,"menu_order":0,"comment_status":"closed","ping_status":"closed","template":"","meta":{"_acf_changed":false,"_uag_custom_page_level_css":"","site-sidebar-layout":"no-sidebar","site-content-layout":"page-builder","ast-site-content-layout":"default","site-content-style":"default","site-sidebar-style":"default","ast-global-header-display":"","ast-banner-title-visibility":"","ast-main-header-display":"","ast-hfb-above-header-display":"","ast-hfb-below-header-display":"","ast-hfb-mobile-header-display":"","site-post-title":"disabled","ast-breadcrumbs-content":"","ast-featured-img":"disabled","footer-sml-layout":"","ast-disable-related-posts":"","theme-transparent-header-meta":"enabled","adv-header-id-meta":"","stick-header-meta":"","header-above-stick-meta":"","header-main-stick-meta":"","header-below-stick-meta":"","astra-migrate-meta-layouts":"default","ast-page-background-enabled":"default","ast-page-background-meta":{"desktop":{"background-color":"","background-image":"","background-repeat":"repeat","background-position":"center center","background-size":"auto","background-attachment":"scroll","background-type":"","background-media":"","overlay-type":"","overlay-color":"","overlay-opacity":"","overlay-gradient":""},"tablet":{"background-color":"","background-image":"","background-repeat":"repeat","background-position":"center center","background-size":"auto","background-attachment":"scroll","background-type":"","background-media":"","overlay-type":"","overlay-color":"","overlay-opacity":"","overlay-gradient":""},"mobile":{"background-color":"","background-image":"","background-repeat":"repeat","background-position":"center center","background-size":"auto","background-attachment":"scroll","background-type":"","background-media":"","overlay-type":"","overlay-color":"","overlay-opacity":"","overlay-gradient":""}},"ast-content-background-meta":{"desktop":{"background-color":"var(--ast-global-color-5)","background-image":"","background-repeat":"repeat","background-position":"center center","background-size":"auto","background-attachment":"scroll","background-type":"","background-media":"","overlay-type":"","overlay-color":"","overlay-opacity":"","overlay-gradient":""},"tablet":{"background-color":"var(--ast-global-color-5)","background-image":"","background-repeat":"repeat","background-position":"center center","background-size":"auto","background-attachment":"scroll","background-type":"","background-media":"","overlay-type":"","overlay-color":"","overlay-opacity":"","overlay-gradient":""},"mobile":{"background-color":"var(--ast-global-color-5)","background-image":"","background-repeat":"repeat","background-position":"center center","background-size":"auto","background-attachment":"scroll","background-type":"","background-media":"","overlay-type":"","overlay-color":"","overlay-opacity":"","overlay-gradient":""}},"footnotes":""},"class_list":["post-732","page","type-page","status-publish","hentry"],"acf":[],"uagb_featured_image_src":{"full":false,"thumbnail":false,"medium":false,"medium_large":false,"large":false,"1536x1536":false,"2048x2048":false,"trp-custom-language-flag":false},"uagb_author_info":{"display_name":"admin","author_link":"https:\/\/www.voyageslemare.fr\/en\/author\/admin\/"},"uagb_comment_info":0,"uagb_excerpt":"mentions l\u00e9gales Loi informatique et libert\u00e9s : Conform\u00e9ment \u00e0 l&rsquo;article 39 de la loi \u00ab\u00a0Informatique et Libert\u00e9s\u00a0\u00bb du 6 janvier 1978, l&rsquo;utilisateur dispose d&rsquo;un droit d&rsquo;acc\u00e8s, de modification, de rectification et de suppression des donn\u00e9es le concernant. Pour l&rsquo;exercice de ces droits, l&rsquo;utilisateur est invit\u00e9 \u00e0 s&rsquo;adresser par courriel \u00e0\u00a0voyages-lemare@wanadoo.fr. Il peut aussi \u00e9crire au\u00a0Responsable&hellip;","jetpack_sharing_enabled":true,"_links":{"self":[{"href":"https:\/\/www.voyageslemare.fr\/en\/wp-json\/wp\/v2\/pages\/732","targetHints":{"allow":["GET"]}}],"collection":[{"href":"https:\/\/www.voyageslemare.fr\/en\/wp-json\/wp\/v2\/pages"}],"about":[{"href":"https:\/\/www.voyageslemare.fr\/en\/wp-json\/wp\/v2\/types\/page"}],"author":[{"embeddable":true,"href":"https:\/\/www.voyageslemare.fr\/en\/wp-json\/wp\/v2\/users\/1"}],"replies":[{"embeddable":true,"href":"https:\/\/www.voyageslemare.fr\/en\/wp-json\/wp\/v2\/comments?post=732"}],"version-history":[{"count":0,"href":"https:\/\/www.voyageslemare.fr\/en\/wp-json\/wp\/v2\/pages\/732\/revisions"}],"wp:attachment":[{"href":"https:\/\/www.voyageslemare.fr\/en\/wp-json\/wp\/v2\/media?parent=732"}],"curies":[{"name":"wp","href":"https:\/\/api.w.org\/{rel}","templated":true}]}}